{"id":75,"date":"2019-09-06T18:04:45","date_gmt":"2019-09-06T16:04:45","guid":{"rendered":"https:\/\/cote-choeur.com\/?page_id=75"},"modified":"2024-04-15T16:00:32","modified_gmt":"2024-04-15T14:00:32","slug":"80-choristes-amateurs","status":"publish","type":"page","link":"https:\/\/cote-choeur.com\/?page_id=75","title":{"rendered":"Une chorale \u00e9ph\u00e9m\u00e8re"},"content":{"rendered":"\n<p>Coach\u00e9e pendant une semaine, en toute bienveillance, avec le concert en objectif, les participants b\u00e9n\u00e9ficient de cours et de conf\u00e9rences<\/p>\n","protected":false},"excerpt":{"rendered":"<p>Coach\u00e9e pendant une semaine, en toute bienveillance, avec le concert en objectif, les participants b\u00e9n\u00e9ficient de cours et de conf\u00e9rences<\/p>\n","protected":false},"author":1,"featured_media":0,"parent":0,"menu_order":0,"comment_status":"closed","ping_status":"closed","template":"","meta":{"footnotes":""},"class_list":["post-75","page","type-page","status-publish","hentry"],"_links":{"self":[{"href":"https:\/\/cote-choeur.com\/index.php?rest_route=\/wp\/v2\/pages\/75","targetHints":{"allow":["GET"]}}],"collection":[{"href":"https:\/\/cote-choeur.com\/index.php?rest_route=\/wp\/v2\/pages"}],"about":[{"href":"https:\/\/cote-choeur.com\/index.php?rest_route=\/wp\/v2\/types\/page"}],"author":[{"embeddable":true,"href":"https:\/\/cote-choeur.com\/index.php?rest_route=\/wp\/v2\/users\/1"}],"replies":[{"embeddable":true,"href":"https:\/\/cote-choeur.com\/index.php?rest_route=%2Fwp%2Fv2%2Fcomments&post=75"}],"version-history":[{"count":7,"href":"https:\/\/cote-choeur.com\/index.php?rest_route=\/wp\/v2\/pages\/75\/revisions"}],"predecessor-version":[{"id":369,"href":"https:\/\/cote-choeur.com\/index.php?rest_route=\/wp\/v2\/pages\/75\/revisions\/369"}],"wp:attachment":[{"href":"https:\/\/cote-choeur.com\/index.php?rest_route=%2Fwp%2Fv2%2Fmedia&parent=75"}],"curies":[{"name":"wp","href":"https:\/\/api.w.org\/{rel}","templated":true}]}}