{"id":325,"date":"2023-05-23T19:06:39","date_gmt":"2023-05-23T17:06:39","guid":{"rendered":"https:\/\/cote-choeur.com\/?page_id=325"},"modified":"2025-02-02T17:28:27","modified_gmt":"2025-02-02T16:28:27","slug":"espace-presse","status":"publish","type":"page","link":"https:\/\/cote-choeur.com\/?page_id=325","title":{"rendered":"ESPACE PRESSE  \ud83d\udce1"},"content":{"rendered":"\n<p><em>Bienvenue dans l&rsquo;Espace Presse du projet JEAN ANDREU \/ C\u00d4TE CHOEUR<\/em>.<\/p>\n\n\n\n<h2 class=\"has-large-font-size wp-block-heading\">Communiqu\u00e9s de Presse <\/h2>\n\n\n\n<ul class=\"wp-block-list\">\n<li>01\/07\/2024 : <a href=\"https:\/\/cote-choeur.com\/?p=401\"><em>Jean Andreu C\u00f4t\u00e9 choeur en concert \u00e0 Balma le 12 Juillet 2024<\/em><\/a><\/li>\n\n\n\n<li>29\/06\/2023 : <em><a rel=\"noreferrer noopener\" href=\"https:\/\/cote-choeur.com\/wp-content\/uploads\/2023\/06\/communique-de-presse-concert-Jean-Andreu-Figeac-25-aout-V4.pdf\" target=\"_blank\">Jean Andreu C\u00f4t\u00e9 Ch\u0153ur en concert \u00e0 Figeac en ao\u00fbt 2023<\/a><\/em><\/li>\n<\/ul>\n\n\n\n<h2 class=\"wp-block-heading\">Packs Presse<\/h2>\n\n\n\n<ul class=\"wp-block-list\">\n<li><a href=\"https:\/\/cote-choeur.com\/wp-content\/uploads\/2023\/06\/J.ANDREU-BIO-MAJ-juin-2023.pdf\" target=\"_blank\" rel=\"noreferrer noopener\">PDF Biographie Jean Andreu<\/a><\/li>\n\n\n\n<li><a href=\"https:\/\/e.pcloud.link\/publink\/show?code=kZWqefZBpHOaxGPWN0eUMGovR5ssYG1IJ5y\" target=\"_blank\" rel=\"noreferrer noopener\">Photos HD<\/a><\/li>\n\n\n\n<li><a href=\"https:\/\/e.pcloud.link\/publink\/show?code=kZvdefZy3NnllTiqYJweBaKe57qBBi35aMV\" target=\"_blank\" rel=\"noreferrer noopener\">Archive Audio WAV\/MP3<\/a><\/li>\n<\/ul>\n\n\n\n<h2 class=\"wp-block-heading\">Interviews Radio &amp; TV<\/h2>\n\n\n\n<figure class=\"wp-block-audio\"><audio controls src=\"https:\/\/cote-choeur.com\/wp-content\/uploads\/2025\/02\/Stage-de-chorale-pro-pour-tous-27-Avril-4-Mai.mp3\"><\/audio><figcaption class=\"wp-element-caption\">Interview Radio Transparence &#8211; Foix Janvier 2025<\/figcaption><\/figure>\n\n\n\n<figure class=\"wp-block-audio\"><audio controls src=\"https:\/\/cote-choeur.com\/wp-content\/uploads\/2024\/04\/Interview-Antenne-dOc-Figeac-07-07_2023-.mp3\"><\/audio><figcaption class=\"wp-element-caption\">Interview Antenne d&rsquo;Oc Figeac 07-07_2023<\/figcaption><\/figure>\n\n\n\n<h2 class=\"wp-block-heading\">Mat\u00e9riels Graphiques<\/h2>\n\n\n\n<ul class=\"wp-block-list\">\n<li><a rel=\"noreferrer noopener\" href=\"https:\/\/cote-choeur.com\/wp-content\/uploads\/2023\/06\/logo-JA-COTE-CHOEUR-petit-format.png\" target=\"_blank\">Logo Jean Andreu C\u00f4t\u00e9 choeur &#8211; PNG<\/a><\/li>\n\n\n\n<li><a rel=\"noreferrer noopener\" href=\"https:\/\/cote-choeur.com\/wp-content\/uploads\/2023\/06\/visuel-concert-FIGEAC-2023.png\" target=\"_blank\">Visuel Jean Andreu C\u00f4t\u00e9 Choeur 2023<\/a><\/li>\n<\/ul>\n\n\n\n<p><\/p>\n\n\n\n<h2 class=\"wp-block-heading\">Liens disponibles<\/h2>\n\n\n\n<ul class=\"wp-block-list\">\n<li>Site officiel C\u00f4t\u00e9 Choeur : <a rel=\"noreferrer noopener\" href=\"https:\/\/cote-choeur.com\" target=\"_blank\">https:\/\/cote-choeur.com<\/a><\/li>\n\n\n\n<li>Facebook C\u00f4t\u00e9 Choeur : <a href=\"https:\/\/www.facebook.com\/jean.andreu.cote.choeur\" target=\"_blank\" rel=\"noreferrer noopener\">Facebook.com\/jean.andreu.cote.choeur<\/a><\/li>\n\n\n\n<li>Instagram C\u00f4t\u00e9 Choeur : <a href=\"https:\/\/www.instagram.com\/cote.choeur\/?hl=fr\">instagram.com\/cote.choeur<\/a><\/li>\n\n\n\n<li>Chaine YouTube : <a href=\"https:\/\/bit.ly\/YouTube-CoteChoeur\"><\/a><a rel=\"noreferrer noopener\" href=\"https:\/\/youtube.com\/playlist?list=PL-h_J9a90SeIpbtJQhNfwfHF1S6DE9VEG\" target=\"_blank\">bit.ly\/YouTube-CoteChoeur<\/a><\/li>\n\n\n\n<li>Spotify : <a href=\"https:\/\/open.spotify.com\/artist\/6qATSJTHRqT2Ue9M5RxF38\" target=\"_blank\" rel=\"noreferrer noopener\">Spotify Jean Andreu<\/a><\/li>\n\n\n\n<li><a href=\"https:\/\/jean-andreu.com\/\" target=\"_blank\" rel=\"noreferrer noopener\">Site officiel Jean Andreu<\/a><\/li>\n<\/ul>\n","protected":false},"excerpt":{"rendered":"<p>Bienvenue dans l&rsquo;Espace Presse du projet JEAN ANDREU \/ C\u00d4TE CHOEUR. Communiqu\u00e9s de Presse Packs Presse Interviews Radio &amp; TV Mat\u00e9riels Graphiques Liens disponibles<\/p>\n","protected":false},"author":1,"featured_media":0,"parent":0,"menu_order":0,"comment_status":"closed","ping_status":"closed","template":"","meta":{"footnotes":""},"class_list":["post-325","page","type-page","status-publish","hentry"],"_links":{"self":[{"href":"https:\/\/cote-choeur.com\/index.php?rest_route=\/wp\/v2\/pages\/325","targetHints":{"allow":["GET"]}}],"collection":[{"href":"https:\/\/cote-choeur.com\/index.php?rest_route=\/wp\/v2\/pages"}],"about":[{"href":"https:\/\/cote-choeur.com\/index.php?rest_route=\/wp\/v2\/types\/page"}],"author":[{"embeddable":true,"href":"https:\/\/cote-choeur.com\/index.php?rest_route=\/wp\/v2\/users\/1"}],"replies":[{"embeddable":true,"href":"https:\/\/cote-choeur.com\/index.php?rest_route=%2Fwp%2Fv2%2Fcomments&post=325"}],"version-history":[{"count":17,"href":"https:\/\/cote-choeur.com\/index.php?rest_route=\/wp\/v2\/pages\/325\/revisions"}],"predecessor-version":[{"id":413,"href":"https:\/\/cote-choeur.com\/index.php?rest_route=\/wp\/v2\/pages\/325\/revisions\/413"}],"wp:attachment":[{"href":"https:\/\/cote-choeur.com\/index.php?rest_route=%2Fwp%2Fv2%2Fmedia&parent=325"}],"curies":[{"name":"wp","href":"https:\/\/api.w.org\/{rel}","templated":true}]}}