{"id":25,"date":"2019-08-29T23:28:24","date_gmt":"2019-08-29T21:28:24","guid":{"rendered":"https:\/\/cote-choeur.com\/?page_id=25"},"modified":"2024-04-15T16:48:35","modified_gmt":"2024-04-15T14:48:35","slug":"page-de-test","status":"publish","type":"page","link":"https:\/\/cote-choeur.com\/?page_id=25","title":{"rendered":"A PROPOS"},"content":{"rendered":"\n<p class=\"has-drop-cap has-text-color has-very-light-gray-color has-pale-pink-background-color has-vivid-red-background-color has-background has-medium-font-size\"> Jean Andreu, figure de proue de la chanson fran\u00e7aise en Midi Pyr\u00e9n\u00e9es, professeur de chant \u00e0 l&rsquo;Universit\u00e9 de Toulouse et chef de ch\u0153ur depuis de nombreuses ann\u00e9es, propose un concept unique et in\u00e9dit : accompagner une chorale, aid\u00e9 de son \u00e9quipe de professionnels, du studio \u00e0 la sc\u00e8ne ! Le long d&rsquo;une ann\u00e9e, via des ateliers, cours, s\u00e9minaires (chant, techniques de la voix, sc\u00e9nographie, studio etc), les choristes vont vivre et partager une exp\u00e9rience digne des professionnels de la musique, intense et exceptionnelle&#8230; jusqu&rsquo;\u00e0 se retrouver sous les projecteurs avec l&rsquo;artiste, et autour de ses chansons !<\/p>\n\n\n\n<figure class=\"wp-block-image\"><img loading=\"lazy\" decoding=\"async\" width=\"1024\" height=\"435\" src=\"https:\/\/cote-choeur.com\/wp-content\/uploads\/2019\/08\/slider1-1024x435.jpg\" alt=\"\" class=\"wp-image-8\" srcset=\"https:\/\/cote-choeur.com\/wp-content\/uploads\/2019\/08\/slider1-1024x435.jpg 1024w, https:\/\/cote-choeur.com\/wp-content\/uploads\/2019\/08\/slider1-300x128.jpg 300w, https:\/\/cote-choeur.com\/wp-content\/uploads\/2019\/08\/slider1-768x326.jpg 768w, https:\/\/cote-choeur.com\/wp-content\/uploads\/2019\/08\/slider1.jpg 1903w\" sizes=\"auto, (max-width: 1024px) 100vw, 1024px\" \/><figcaption class=\"wp-element-caption\">La Chorale Atout Ch\u0153ur de Muret (31) coach\u00e9e avant sa s\u00e9ance en studio<\/figcaption><\/figure>\n\n\n\n<blockquote class=\"wp-block-quote is-layout-flow wp-block-quote-is-layout-flow\">\n<p> <em><strong>Un artiste confirm\u00e9, 80 choristes amateurs, une exp\u00e9rience unique du studio \u00e0 la sc\u00e8ne !<\/strong><\/em> <\/p>\n<\/blockquote>\n\n\n\n<h2 class=\"wp-block-heading\">Jean Andreu: la passion, le travail et la bienveillance<\/h2>\n\n\n\n<p>Jean Andreu est l&rsquo;initiateur et le chef d&rsquo;orchestre de ce projet fou consistant \u00e0 accompagner les chorales dans cette aventure humaine et musicale incroyable. <\/p>\n\n\n\n<p>V\u00e9ritable passionn\u00e9 ayant transmis son savoir et son amour du chant \u00e0 des centaines de choristes et interpr\u00e8tes au fil des ann\u00e9es, Jean Andreu est le r\u00e9f\u00e9rent du projet C\u00f4t\u00e9 Ch\u0153ur.<\/p>\n\n\n\n<h3 class=\"wp-block-heading\">Une \u00e9quipe de professionnels au service du projet<\/h3>\n\n\n\n<p>La chorale ayant int\u00e9gr\u00e9 le projet <strong>JEAN ANDREU \/ C\u00f4t\u00e9 Ch\u0153ur <\/strong>se verra accompagn\u00e9e de professionnels du chant et de la musique \u00e0 m\u00eame de lui faire vivre une exp\u00e9rience inoubliable, qualitative, humaine, bienveillante.<\/p>\n\n\n\n<h4 class=\"wp-block-heading\">Yasa Lugassy, la coach vocale et d&rsquo;expression sc\u00e9nique<\/h4>\n\n\n\n<p>Yasa Lugassy, \u00e9galement chef de ch\u0153ur, accompagne les choristes lors d&rsquo;ateliers de technique de voix, anime les r\u00e9p\u00e9titions, co-r\u00e9alise la sc\u00e9nographie et dispense son incroyable personnalit\u00e9 saupoudr\u00e9e de bienveillance ! Sa grande exp\u00e9rience en tant qu&rsquo;enseignante chant et musique dipl\u00f4m\u00e9e du conservatoire de Toulouse permettra aux choristes de b\u00e9n\u00e9ficier de cours et conseils indispensables \u00e0 leur plaisir et maitrise sur sc\u00e8ne.<\/p>\n\n\n\n<figure class=\"wp-block-image size-full\"><img loading=\"lazy\" decoding=\"async\" width=\"427\" height=\"640\" src=\"https:\/\/cote-choeur.com\/wp-content\/uploads\/2019\/09\/IMG_0298.jpg\" alt=\"Yafa LUGASSY Coach de Chant et d'expression sc\u00e9nique\" class=\"wp-image-376\" srcset=\"https:\/\/cote-choeur.com\/wp-content\/uploads\/2019\/09\/IMG_0298.jpg 427w, https:\/\/cote-choeur.com\/wp-content\/uploads\/2019\/09\/IMG_0298-200x300.jpg 200w\" sizes=\"auto, (max-width: 427px) 100vw, 427px\" \/><\/figure>\n\n\n\n<h4 class=\"wp-block-heading\">Franc Saint Paul : le magicien pour chorale<\/h4>\n\n\n\n<p>Professeur d&rsquo;\u00e9criture musicale \u00e0 l&rsquo;Universit\u00e9 de Toulouse, Franc Saint Paul a r\u00e9alis\u00e9 les arrangements pour chorale des titres de Jean Andreu. Cet homme de l&rsquo;ombre au talent incroyable, v\u00eatu de son sourire franc et jovial, a permis une r\u00e9\u00e9criture accessible mais pointue des chansons de l&rsquo;artiste pour un r\u00e9sultat choral plein d&rsquo;\u00e2me et de musicalit\u00e9.<\/p>\n\n\n\n<figure class=\"wp-block-image\"><img loading=\"lazy\" decoding=\"async\" width=\"600\" height=\"600\" src=\"https:\/\/cote-choeur.com\/wp-content\/uploads\/2019\/08\/avatar_franc_saint_paul.jpg\" alt=\"\" class=\"wp-image-29\" srcset=\"https:\/\/cote-choeur.com\/wp-content\/uploads\/2019\/08\/avatar_franc_saint_paul.jpg 600w, https:\/\/cote-choeur.com\/wp-content\/uploads\/2019\/08\/avatar_franc_saint_paul-150x150.jpg 150w, https:\/\/cote-choeur.com\/wp-content\/uploads\/2019\/08\/avatar_franc_saint_paul-300x300.jpg 300w\" sizes=\"auto, (max-width: 600px) 100vw, 600px\" \/><figcaption class=\"wp-element-caption\">Franc Saint Paul<\/figcaption><\/figure>\n\n\n\n<h4 class=\"wp-block-heading\">Jean-Marc Percebois : l&rsquo;exp\u00e9rience studio !<\/h4>\n\n\n<div class=\"wp-block-image\">\n<figure class=\"alignleft is-resized\"><img loading=\"lazy\" decoding=\"async\" src=\"https:\/\/cote-choeur.com\/wp-content\/uploads\/2019\/09\/jean-marc-percebois.jpg\" alt=\"\" class=\"wp-image-59\" width=\"215\" height=\"215\" srcset=\"https:\/\/cote-choeur.com\/wp-content\/uploads\/2019\/09\/jean-marc-percebois.jpg 600w, https:\/\/cote-choeur.com\/wp-content\/uploads\/2019\/09\/jean-marc-percebois-150x150.jpg 150w, https:\/\/cote-choeur.com\/wp-content\/uploads\/2019\/09\/jean-marc-percebois-300x300.jpg 300w\" sizes=\"auto, (max-width: 215px) 100vw, 215px\" \/><\/figure>\n<\/div>\n\n\n<p>Proposant des solutions de captation audio et vid\u00e9o mobiles, par ailleurs initiateur de The Floyd (<a rel=\"noreferrer noopener\" aria-label=\"Tribute to Pink Floyd (s\u2019ouvre dans un nouvel onglet)\" href=\"http:\/\/www.the-floyd.com\/\" target=\"_blank\">Tribute to Pink Floyd<\/a>), Jean-Marc Percebois est l&rsquo;ing\u00e9nieur du son qui accompagnera la chorale lors de l&rsquo;enregistrement studio des parties vocales !<\/p>\n\n\n\n<div style=\"height:13px\" aria-hidden=\"true\" class=\"wp-block-spacer\"><\/div>\n\n\n\n<h4 class=\"wp-block-heading\">Guillaume GILLES : la communication au travers du prisme de la musique <\/h4>\n\n\n<div class=\"wp-block-image\">\n<figure class=\"alignleft\"><img loading=\"lazy\" decoding=\"async\" width=\"225\" height=\"225\" src=\"https:\/\/cote-choeur.com\/wp-content\/uploads\/2019\/09\/images.jpeg\" alt=\"\" class=\"wp-image-57\" srcset=\"https:\/\/cote-choeur.com\/wp-content\/uploads\/2019\/09\/images.jpeg 225w, https:\/\/cote-choeur.com\/wp-content\/uploads\/2019\/09\/images-150x150.jpeg 150w\" sizes=\"auto, (max-width: 225px) 100vw, 225px\" \/><\/figure>\n<\/div>\n\n\n<p>Ex <a rel=\"noreferrer noopener\" aria-label=\"Narcys (s\u2019ouvre dans un nouvel onglet)\" href=\"https:\/\/www.youtube.com\/watch?v=HAMAF_zm9wI\" target=\"_blank\">Narcys<\/a> (interpr\u00e8te dans un projet musical sign\u00e9 chez Virgin Music France), \u00e9crivain, aujourd&rsquo;hui chef de projet en marketing et communication, Guillaume pourra capter en photos et en vid\u00e9os l&rsquo;extraordinaire aventure du projet <strong>Jean Andreu \/ C\u00f4t\u00e9 Choeur<\/strong> afin de les partager en ligne avec les internautes, futur public du grand live de conclusion, mais aussi g\u00e9rer toute la communication autour de l&rsquo;\u00e9v\u00e8nement !<\/p>\n","protected":false},"excerpt":{"rendered":"<p>Jean Andreu, figure de proue de la chanson fran\u00e7aise en Midi Pyr\u00e9n\u00e9es, professeur de chant \u00e0 l&rsquo;Universit\u00e9 de Toulouse et chef de ch\u0153ur depuis de nombreuses ann\u00e9es, propose un concept unique et in\u00e9dit : accompagner une chorale, aid\u00e9 de son \u00e9quipe de professionnels, du studio \u00e0 la sc\u00e8ne ! Le long d&rsquo;une ann\u00e9e, via des ateliers, cours, s\u00e9minaires (chant, techniques de la voix, sc\u00e9nographie, studio etc), les choristes vont vivre et partager une exp\u00e9rience digne des professionnels de la musique, intense et exceptionnelle&#8230; jusqu&rsquo;\u00e0 se retrouver sous les projecteurs avec l&rsquo;artiste, et autour de ses chansons ! Un artiste confirm\u00e9,&#8230; <\/p>\n","protected":false},"author":1,"featured_media":14,"parent":0,"menu_order":0,"comment_status":"closed","ping_status":"closed","template":"","meta":{"footnotes":""},"class_list":["post-25","page","type-page","status-publish","has-post-thumbnail","hentry"],"_links":{"self":[{"href":"https:\/\/cote-choeur.com\/index.php?rest_route=\/wp\/v2\/pages\/25","targetHints":{"allow":["GET"]}}],"collection":[{"href":"https:\/\/cote-choeur.com\/index.php?rest_route=\/wp\/v2\/pages"}],"about":[{"href":"https:\/\/cote-choeur.com\/index.php?rest_route=\/wp\/v2\/types\/page"}],"author":[{"embeddable":true,"href":"https:\/\/cote-choeur.com\/index.php?rest_route=\/wp\/v2\/users\/1"}],"replies":[{"embeddable":true,"href":"https:\/\/cote-choeur.com\/index.php?rest_route=%2Fwp%2Fv2%2Fcomments&post=25"}],"version-history":[{"count":38,"href":"https:\/\/cote-choeur.com\/index.php?rest_route=\/wp\/v2\/pages\/25\/revisions"}],"predecessor-version":[{"id":385,"href":"https:\/\/cote-choeur.com\/index.php?rest_route=\/wp\/v2\/pages\/25\/revisions\/385"}],"wp:featuredmedia":[{"embeddable":true,"href":"https:\/\/cote-choeur.com\/index.php?rest_route=\/wp\/v2\/media\/14"}],"wp:attachment":[{"href":"https:\/\/cote-choeur.com\/index.php?rest_route=%2Fwp%2Fv2%2Fmedia&parent=25"}],"curies":[{"name":"wp","href":"https:\/\/api.w.org\/{rel}","templated":true}]}}