{"id":177,"date":"2019-10-21T17:54:40","date_gmt":"2019-10-21T15:54:40","guid":{"rendered":"https:\/\/cote-choeur.com\/?page_id=177"},"modified":"2020-03-03T11:49:40","modified_gmt":"2020-03-03T10:49:40","slug":"chorales-partagez-la-scene-avec-jean-andreu","status":"publish","type":"page","link":"https:\/\/cote-choeur.com\/?page_id=177","title":{"rendered":"Chorales, partagez la sc\u00e8ne avec Jean Andreu !"},"content":{"rendered":"\n<p><strong>Vous souhaitez vivre une exp\u00e9rience hors du commun avec votre chorale ? <\/strong>Partager la sc\u00e8ne avec un artiste professionnel ? L&rsquo;aventure \u00ab\u00a0Jean Andreu \/ C\u00f4t\u00e9 Ch\u0153ur\u00a0\u00bb vous tend les bras !<\/p>\n\n\n\n<figure class=\"wp-block-image\"><img loading=\"lazy\" decoding=\"async\" width=\"1024\" height=\"683\" src=\"https:\/\/cote-choeur.com\/wp-content\/uploads\/2019\/10\/DSC_0026-1024x683.jpg\" alt=\"\" class=\"wp-image-178\"\/><\/figure>\n\n\n\n<h2 class=\"wp-block-heading\">Un accompagnement sur mesure<\/h2>\n\n\n\n<p>Jean Andreu \/ C\u00f4t\u00e9 Ch\u0153ur met \u00e0 votre disposition tous les moyens de <strong>vous accompagner vers la sc\u00e8ne aux c\u00f4t\u00e9s de l&rsquo;artiste<\/strong>.<\/p>\n\n\n\n<h3 class=\"wp-block-heading\">Des moyens p\u00e9dagogiques intuitifs et uniques<\/h3>\n\n\n\n<p>Jean Andreu \/ C\u00f4t\u00e9 Ch\u0153ur met \u00e0 disposition de votre chorale les partitions arrang\u00e9es pour chorales et pour chaque pupitre, mais aussi <strong><a href=\"https:\/\/cote-choeur.com\/?page_id=189\">des outils en ligne \u00e0 la pointe de la technologie, simples et intuitifs<\/a><\/strong>.<\/p>\n\n\n\n<p>En effet, pour chaque chanson du r\u00e9pertoire de Jean Andreu, chaque choriste aura acc\u00e8s en ligne sur PC, smartphone et tablettes, aux voix de son pupitre mix\u00e9e aux autres pupitres. Mais chacun pourra r\u00e9gler le volume de chaque pupitre pour une meilleure \u00e9coute d\u00e9di\u00e9e et des sessions de travail optimales.<\/p>\n\n\n\n<h3 class=\"wp-block-heading\">Un \u00e9quipe de professionnels d\u00e9di\u00e9e \u00e0 la r\u00e9ussite de l&rsquo;exp\u00e9rience<\/h3>\n\n\n\n<p>La chorale b\u00e9n\u00e9ficiera d&rsquo;un suivi par l&rsquo;artiste et son \u00e9quipe lors de points r\u00e9guliers et fix\u00e9s par avance afin de valider le travail effectu\u00e9, mais aussi pour accompagner, soutenir et orienter les choristes et\/ou le chef de ch\u0153ur. Et ce afin de faire de la sc\u00e8ne finale <strong>un moment magique et inoubliable<\/strong> pour chacun.<\/p>\n\n\n\n<figure class=\"wp-block-image\"><img loading=\"lazy\" decoding=\"async\" width=\"1024\" height=\"683\" src=\"https:\/\/cote-choeur.com\/wp-content\/uploads\/2019\/09\/Atelier-Studio-Juin-2019-7-1024x683.jpg\" alt=\"\" class=\"wp-image-137\" srcset=\"https:\/\/cote-choeur.com\/wp-content\/uploads\/2019\/09\/Atelier-Studio-Juin-2019-7-1024x683.jpg 1024w, https:\/\/cote-choeur.com\/wp-content\/uploads\/2019\/09\/Atelier-Studio-Juin-2019-7-300x200.jpg 300w, https:\/\/cote-choeur.com\/wp-content\/uploads\/2019\/09\/Atelier-Studio-Juin-2019-7-768x512.jpg 768w, https:\/\/cote-choeur.com\/wp-content\/uploads\/2019\/09\/Atelier-Studio-Juin-2019-7.jpg 1500w\" sizes=\"auto, (max-width: 1024px) 100vw, 1024px\" \/><figcaption>Jean Andreu en session de coaching vocal<\/figcaption><\/figure>\n\n\n\n<h3 class=\"wp-block-heading\">Des options pour de la magie en +<\/h3>\n\n\n\n<p>Jean Andreu met \u00e0 disposition des chorales bon nombre d&rsquo;options \u00e0 m\u00eame de <strong>rendre l&rsquo;exp\u00e9rience encore plus excitante<\/strong> : captation audio et\/ou vid\u00e9o du concert aux c\u00f4t\u00e9s de l&rsquo;artiste, coaching vocal, s\u00e9minaire de r\u00e9p\u00e9tition, enregistrement studio mobile, etc. <\/p>\n\n\n\n<figure class=\"wp-block-image\"><img loading=\"lazy\" decoding=\"async\" width=\"1024\" height=\"683\" src=\"https:\/\/cote-choeur.com\/wp-content\/uploads\/2019\/09\/Atelier-Studio-Juin-2019-11-1024x683.jpg\" alt=\"La Chorale Atout Choeur de Muret en Studio\" class=\"wp-image-145\" srcset=\"https:\/\/cote-choeur.com\/wp-content\/uploads\/2019\/09\/Atelier-Studio-Juin-2019-11-1024x683.jpg 1024w, https:\/\/cote-choeur.com\/wp-content\/uploads\/2019\/09\/Atelier-Studio-Juin-2019-11-300x200.jpg 300w, https:\/\/cote-choeur.com\/wp-content\/uploads\/2019\/09\/Atelier-Studio-Juin-2019-11-768x512.jpg 768w, https:\/\/cote-choeur.com\/wp-content\/uploads\/2019\/09\/Atelier-Studio-Juin-2019-11.jpg 1500w\" sizes=\"auto, (max-width: 1024px) 100vw, 1024px\" \/><figcaption>La Chorale Atout Ch\u0153ur en studio<\/figcaption><\/figure>\n\n\n\n<h2 class=\"wp-block-heading\">Une renomm\u00e9e \u00ab\u00a0gagnant \/ gagnant\u00a0\u00bb<\/h2>\n\n\n\n<p>Partager la sc\u00e8ne avec Jean Andreu, en plus de l&rsquo;exp\u00e9rience artistique et humaine que cela implique, c&rsquo;est aussi permettre \u00e0 la chorale de grandir. De s&rsquo;impliquer dans un projet professionnel en tant qu&rsquo;amateur ou semi-pro. \u00c9voluer. <\/p>\n\n\n\n<p>C&rsquo;est \u00e9galement <strong>vivre une exp\u00e9rience sc\u00e9nique unique<\/strong> aux c\u00f4t\u00e9s d&rsquo;un artiste reconnu qui saura guider la troupe vers le public et les projecteurs, du haut de son exp\u00e9rience en tant qu&rsquo;interpr\u00e8te mais aussi de chef de ch\u0153ur chevronn\u00e9 \u00e0 m\u00eame de comprendre et guider une chorale et son homologue vers les projecteurs. <\/p>\n\n\n\n<p>Pour toute information ou \u00e9change, que vous souhaitiez tenter cette formidable aventure ou poser de simples questions, <a href=\"https:\/\/cote-choeur.com\/?page_id=111\">contactez-nous via le formulaire de contact<\/a> ou joindre Addict en Sc\u00e8ne au 06 31 35 66 75.<\/p>\n","protected":false},"excerpt":{"rendered":"<p>Vous souhaitez vivre une exp\u00e9rience hors du commun avec votre chorale ? Partager la sc\u00e8ne avec un artiste professionnel ? L&rsquo;aventure \u00ab\u00a0Jean Andreu \/ C\u00f4t\u00e9 Ch\u0153ur\u00a0\u00bb vous tend les bras ! Un accompagnement sur mesure Jean Andreu \/ C\u00f4t\u00e9 Ch\u0153ur met \u00e0 votre disposition tous les moyens de vous accompagner vers la sc\u00e8ne aux c\u00f4t\u00e9s de l&rsquo;artiste. Des moyens p\u00e9dagogiques intuitifs et uniques Jean Andreu \/ C\u00f4t\u00e9 Ch\u0153ur met \u00e0 disposition de votre chorale les partitions arrang\u00e9es pour chorales et pour chaque pupitre, mais aussi des outils en ligne \u00e0 la pointe de la technologie, simples et intuitifs. En effet,&#8230; <\/p>\n","protected":false},"author":1,"featured_media":0,"parent":0,"menu_order":0,"comment_status":"closed","ping_status":"closed","template":"","meta":{"footnotes":""},"class_list":["post-177","page","type-page","status-publish","hentry"],"_links":{"self":[{"href":"https:\/\/cote-choeur.com\/index.php?rest_route=\/wp\/v2\/pages\/177","targetHints":{"allow":["GET"]}}],"collection":[{"href":"https:\/\/cote-choeur.com\/index.php?rest_route=\/wp\/v2\/pages"}],"about":[{"href":"https:\/\/cote-choeur.com\/index.php?rest_route=\/wp\/v2\/types\/page"}],"author":[{"embeddable":true,"href":"https:\/\/cote-choeur.com\/index.php?rest_route=\/wp\/v2\/users\/1"}],"replies":[{"embeddable":true,"href":"https:\/\/cote-choeur.com\/index.php?rest_route=%2Fwp%2Fv2%2Fcomments&post=177"}],"version-history":[{"count":7,"href":"https:\/\/cote-choeur.com\/index.php?rest_route=\/wp\/v2\/pages\/177\/revisions"}],"predecessor-version":[{"id":204,"href":"https:\/\/cote-choeur.com\/index.php?rest_route=\/wp\/v2\/pages\/177\/revisions\/204"}],"wp:attachment":[{"href":"https:\/\/cote-choeur.com\/index.php?rest_route=%2Fwp%2Fv2%2Fmedia&parent=177"}],"curies":[{"name":"wp","href":"https:\/\/api.w.org\/{rel}","templated":true}]}}